{"id":16,"date":"2025-11-26T18:49:55","date_gmt":"2025-11-26T17:49:55","guid":{"rendered":"http:\/\/www.z-finance.cz\/?page_id=16"},"modified":"2025-11-26T23:19:40","modified_gmt":"2025-11-26T22:19:40","slug":"z-finance","status":"publish","type":"page","link":"https:\/\/www.z-finance.cz\/","title":{"rendered":"Z-Finance"},"content":{"rendered":"<section class=\"bde-section-16-100 bde-section\">\n              \n  \n  \n\t\n\n  <div class=\"section-background-overlay\"><\/div>\n\n\n<div class=\"section-container\"><div class=\"bde-code-block-16-108 bde-code-block\">\n\n  <div class=\"company-card\">\n    <h1>Z Finance a.s.<\/h1>\n\n    <div class=\"company-details-box\">\n        <div class=\"detail-row\">\n            <span class=\"detail-label\">S\u00eddlo:<\/span>\n            Bohunick\u00e1 238\/67, Horn\u00ed Her\u0161pice, 61900 Brno\n        <\/div>\n        <div class=\"detail-row\">\n            <span class=\"detail-label\">I\u010cO:<\/span>\n            10994211\n        <\/div>\n        <div class=\"detail-row\">\n            <span class=\"detail-label\">Pr\u00e1vn\u00ed forma:<\/span>\n            Akciov\u00e1 spole\u010dnost\n        <\/div>\n    <\/div>\n\n    <div class=\"legal-notice-heading\">\n        Povinn\u011b zve\u0159ej\u0148ovan\u00e9 Informace podle z\u00e1kona \u010d. 125\/2008 Sb., o p\u0159em\u011bn\u00e1ch obchodn\u00edch spole\u010dnost\u00ed a dru\u017estev, v platn\u00e9m zn\u011bn\u00ed\n    <\/div>\n\n    <a href=\"http:\/\/www.z-finance.cz\/wp-content\/uploads\/2025\/11\/26.11.2025_Projekt-fuze_upozorneni-pro-veritele_Settanza_Z-Finance_CIF.pdf\" class=\"doc-btn\" target=\"_blank\">\n        <svg xmlns=\"http:\/\/www.w3.org\/2000\/svg\" width=\"16\" height=\"16\" fill=\"currentColor\" viewBox=\"0 0 16 16\">\n            <path d=\"M14 4.5V14a2 2 0 0 1-2 2H4a2 2 0 0 1-2-2V2a2 2 0 0 1 2-2h5.5L14 4.5zm-3 0A1.5 1.5 0 0 1 9.5 3V1H4a1 1 0 0 0-1 1v12a1 1 0 0 0 1 1h8a1 1 0 0 0 1-1V4.5h-2z\"\/>\n        <\/svg>\n        Upozorn\u011bn\u00ed pro v\u011b\u0159itele (projekt f\u00faze slou\u010den\u00edm)\n    <\/a>\n\n    <a href=\"http:\/\/www.z-finance.cz\/wp-content\/uploads\/2025\/11\/26.11.2025_Projekt-fuze_Settanza_Z-Finance_CIF.pdf\" class=\"doc-btn\" target=\"_blank\">\n        <svg xmlns=\"http:\/\/www.w3.org\/2000\/svg\" width=\"16\" height=\"16\" fill=\"currentColor\" viewBox=\"0 0 16 16\">\n            <path d=\"M14 4.5V14a2 2 0 0 1-2 2H4a2 2 0 0 1-2-2V2a2 2 0 0 1 2-2h5.5L14 4.5zm-3 0A1.5 1.5 0 0 1 9.5 3V1H4a1 1 0 0 0-1 1v12a1 1 0 0 0 1 1h8a1 1 0 0 0 1-1V4.5h-2z\"\/>\n        <\/svg>\n        Projekt p\u0159em\u011bny (vnitrost\u00e1tn\u00ed f\u00faze slou\u010den\u00edm)\n    <\/a>\n\n<\/div>\n\n\n<\/div><\/div>\n<\/section>","protected":false},"excerpt":{"rendered":"<p>Z Finance a.s. S\u00eddlo: Bohunick\u00e1 238\/67, Horn\u00ed Her\u0161pice, 61900 Brno I\u010cO: 10994211 Pr\u00e1vn\u00ed forma: Akciov\u00e1 spole\u010dnost Povinn\u011b zve\u0159ej\u0148ovan\u00e9 Informace podle z\u00e1kona \u010d. 125\/2008 Sb., o p\u0159em\u011bn\u00e1ch obchodn\u00edch spole\u010dnost\u00ed a dru\u017estev, v platn\u00e9m zn\u011bn\u00ed Upozorn\u011bn\u00ed pro v\u011b\u0159itele (projekt f\u00faze slou\u010den\u00edm) Projekt p\u0159em\u011bny (vnitrost\u00e1tn\u00ed f\u00faze slou\u010den\u00edm)<\/p>\n","protected":false},"author":1,"featured_media":0,"parent":0,"menu_order":0,"comment_status":"closed","ping_status":"closed","template":"","meta":{"_breakdance_hide_in_design_set":false,"_breakdance_tags":"","footnotes":""},"class_list":["post-16","page","type-page","status-publish","hentry"],"_links":{"self":[{"href":"https:\/\/www.z-finance.cz\/index.php?rest_route=\/wp\/v2\/pages\/16","targetHints":{"allow":["GET"]}}],"collection":[{"href":"https:\/\/www.z-finance.cz\/index.php?rest_route=\/wp\/v2\/pages"}],"about":[{"href":"https:\/\/www.z-finance.cz\/index.php?rest_route=\/wp\/v2\/types\/page"}],"author":[{"embeddable":true,"href":"https:\/\/www.z-finance.cz\/index.php?rest_route=\/wp\/v2\/users\/1"}],"replies":[{"embeddable":true,"href":"https:\/\/www.z-finance.cz\/index.php?rest_route=%2Fwp%2Fv2%2Fcomments&post=16"}],"version-history":[{"count":9,"href":"https:\/\/www.z-finance.cz\/index.php?rest_route=\/wp\/v2\/pages\/16\/revisions"}],"predecessor-version":[{"id":27,"href":"https:\/\/www.z-finance.cz\/index.php?rest_route=\/wp\/v2\/pages\/16\/revisions\/27"}],"wp:attachment":[{"href":"https:\/\/www.z-finance.cz\/index.php?rest_route=%2Fwp%2Fv2%2Fmedia&parent=16"}],"curies":[{"name":"wp","href":"https:\/\/api.w.org\/{rel}","templated":true}]}}